{"id":3865,"date":"2024-05-24T18:04:37","date_gmt":"2024-05-24T18:04:37","guid":{"rendered":"https:\/\/innmetec.com\/?page_id=3865"},"modified":"2024-05-24T18:04:38","modified_gmt":"2024-05-24T18:04:38","slug":"politica-de-tratamiento-de-datos","status":"publish","type":"page","link":"https:\/\/innmetec.com\/en\/politica-de-tratamiento-de-datos\/","title":{"rendered":"Pol\u00edtica de Tratamiento de Datos"},"content":{"rendered":"<p>Con el objetivo de dar cumplimiento a la legislaci\u00f3n vigente en materia de protecci\u00f3n de datos personales, en especial la Ley 1581 de 2012 (y dem\u00e1s normas que la modifiquen, adicionen, complementen o desarrollen) y el Decreto 1377 de 2013, a continuaci\u00f3n le informamos los aspectos relevantes en relaci\u00f3n con la recolecci\u00f3n, uso y transmisi\u00f3n de Datos Personales que\u00a0 INNMETEC S.A.S. (en adelante, la<br>\u201cCompa\u00f1\u00eda\u201d o \u201cInnmetec\u201d) realiza de sus Datos Personales, en virtud de la autorizaci\u00f3n otorgada por usted para adelantar dicho  ratamiento.<\/p>\n\n\n\n<p><br>En esta pol\u00edtica de tratamiento de Datos Personales (en adelante, la \u201cPol\u00edtica\u201d) encontrar\u00e1 los lineamientos y t\u00e9rminos bajo los cuales la Compa\u00f1\u00eda realiza el tratamiento de sus datos, la finalidad, sus derechos como titular, as\u00ed como los procedimientos internos y externos para el ejercicio de tales derechos. Esta pol\u00edtica ser\u00e1 aplicable a todos los datos personales o de cualquier otro tipo de informaci\u00f3n que<br>sea utilizada o repose en las bases de datos y archivos de la Compa\u00f1\u00eda. Igualmente, esta Pol\u00edtica tambi\u00e9n es aplicable a los Encargados del Tratamiento de Datos Personales, y es de obligatorio y estricto cumplimiento para la Compa\u00f1\u00eda, sus colaboradores y empleados, y en general para cualquier tercero que sostenga v\u00ednculo contractual o jur\u00eddico con la Compa\u00f1\u00eda o que tenga acceso a informaci\u00f3n tratada por<br>las mismas.<\/p>\n\n\n\n<p class=\"has-ast-global-color-2-color has-text-color has-link-color has-medium-font-size wp-elements-ebb6262d20f69961bf88830cc5e76d5e\"><strong>I. Definiciones<\/strong><\/p>\n\n\n\n<p>Para la interpretaci\u00f3n de esta Pol\u00edtica, le pedimos tener en cuenta las siguientes definiciones:<\/p>\n\n\n\n<ul class=\"wp-block-list\">\n<li>Autorizaci\u00f3n: Consentimiento previo, expreso e informado del titular para llevar a cabo el Tratamiento de Datos Personales;<\/li>\n\n\n\n<li>Base de Datos: conjunto organizado de Datos Personales que sea objeto de tratamiento, pertenecientes a un mismo contexto y  lmacenamiento sistem\u00e1tico para su uso posterior;<\/li>\n\n\n\n<li>Cliente:\u00a0Toda persona para quien la Compa\u00f1\u00eda presta un servicio o con quien sostiene una relaci\u00f3n contractual\/obligacional;<\/li>\n\n\n\n<li>Dato Personal:\u00a0Cualquier informaci\u00f3n vinculada o que pueda asociarse a una o varias personas naturales determinadas o determinables;<\/li>\n\n\n\n<li>Dato Privado: Es un Dato Personal que por su naturaleza \u00edntima o reservada solo interesa a su titular y para su tratamiento requiere de su autorizaci\u00f3n previa, informada y expresa. Bases de datos que contengan datos como n\u00fameros telef\u00f3nicos y correos electr\u00f3nicos personales; datos laborales, sobre infracciones administrativas o penales, administrados por administraciones tributarias, entidades financieras y entidades gestoras y servicios comunes de la Seguridad Social, bases de datos sobre solvencia patrimonial o de cr\u00e9dito, bases de datos con informaci\u00f3n suficiente para evaluar la personalidad del titular, bases de datos de los responsables de operadores que presten servicios de comunicaci\u00f3n electr\u00f3nica;<\/li>\n\n\n\n<li>Dato P\u00fablico: Es el dato que no sea semiprivado, privado o sensible. Son considerados Datos P\u00fablicos, entre otros, los datos relativos al estado civil de las personas, a su profesi\u00f3n u oficio y a su calidad de comerciante o del servidor p\u00fablico. Por su naturaleza, los Datos P\u00fablicos pueden estar contenidos, entre otros, en registros p\u00fablicos, documentos p\u00fablicos, gacetas y boletines oficiales, sentencias judiciales debidamente ejecutoriadas que no est\u00e9n sometidas a reserva<\/li>\n\n\n\n<li>Dato Semiprivado: Es aquel que no tiene naturaleza \u00edntima, reservada, ni p\u00fablica y cuyo conocimiento o divulgaci\u00f3n puede interesar no solo a su Titular sino a cierto sector o grupo de personas o a la sociedad en general, como son: Bases de datos que contengan Informaci\u00f3n financiera, crediticia, comercial, de servicios y la proveniente de terceros pa\u00edses.<\/li>\n\n\n\n<li>Datos Sensibles:\u00a0Aquellos datos que afectan la intimidad del Titular o cuyo uso indebido puede generar su discriminaci\u00f3n;<\/li>\n\n\n\n<li>Encargado del Tratamiento:\u00a0Persona natural o jur\u00eddica, p\u00fablica o privada, que por s\u00ed misma o en asocio con otros, realice el Tratamiento de datos personales por cuenta de la Compa\u00f1\u00eda como Responsable de los datos;<\/li>\n\n\n\n<li>Pol\u00edtica de Tratamiento:\u00a0Se refiere al presente documento, como pol\u00edtica de tratamiento de datos personales aplicada por la Compa\u00f1\u00eda de conformidad con los lineamientos de la legislaci\u00f3n vigente en la materia;<\/li>\n\n\n\n<li>Proveedor:\u00a0Toda persona natural o jur\u00eddica que preste alg\u00fan servicio a la Compa\u00f1\u00eda en virtud de una relaci\u00f3n contractual\/obligacional;<\/li>\n\n\n\n<li>Responsable del Tratamiento:\u00a0Persona natural o jur\u00eddica, p\u00fablica o privada, que por s\u00ed misma o en asocio con otros, decida sobre la base de datos y\/o el Tratamiento de los datos, para efectos de esta pol\u00edtica, ejercer\u00e1 como Responsable, en principio, la Compa\u00f1\u00eda;<\/li>\n\n\n\n<li>Titular:\u00a0Persona natural cuyos datos personales sean objeto de Tratamiento, sea cliente, proveedor, empleado, o cualquier tercero que, en raz\u00f3n de una relaci\u00f3n comercial o jur\u00eddica, suministre datos personales a la Compa\u00f1\u00eda;<\/li>\n\n\n\n<li>Transferencia:\u00a0Se refiere al env\u00edo por parte de la Compa\u00f1\u00eda como Responsable del Tratamiento o un Encargado de los datos, a un tercer agente o persona natural\/jur\u00eddica (receptor), dentro o fuera del territorio nacional para el tratamiento efectivo de datos personales;<\/li>\n\n\n\n<li>Trasmisi\u00f3n:\u00a0se refiere a la comunicaci\u00f3n de datos personales por parte del Responsable al Encargado, ubicado dentro o fuera del territorio nacional, para que el Encargado, por cuenta del Responsable, trate datos personales;<\/li>\n\n\n\n<li>Tratamiento:\u00a0Cualquier operaci\u00f3n o conjunto de operaciones sobre datos personales, tales como la recolecci\u00f3n, almacenamiento, uso, circulaci\u00f3n o supresi\u00f3n.<\/li>\n<\/ul>\n\n\n\n<p>Para el entendimiento de los t\u00e9rminos que no se encuentran incluidos dentro del listado anterior, usted deber\u00e1 remitirse a la legislaci\u00f3n vigente, en especial a la Ley 1581 de 2012 y al Decreto 1377 de 2013, dando el sentido utilizado en dicha norma a los t\u00e9rminos de cuya definici\u00f3n exista duda alguna.<\/p>\n\n\n\n<p class=\"has-ast-global-color-2-color has-text-color has-link-color has-medium-font-size wp-elements-5049926d0f05ccfe60afc21e36514487\"><strong>II. Uso y finalidad del Tratamiento<\/strong><\/p>\n\n\n\n<p>La Compa\u00f1\u00eda reconoce que el Titular de los datos personales tiene derecho a contar con una expectativa razonable de su privacidad, teniendo en todo caso en cuenta sus responsabilidades, derechos y obligaciones con la Compa\u00f1\u00eda. El Tratamiento de los datos personales se podr\u00e1 realizar a trav\u00e9s de medios f\u00edsicos, automatizados o digitales, de acuerdo con el tipo y forma de recolecci\u00f3n de la informaci\u00f3n personal.<\/p>\n\n\n\n<p>En virtud de la relaci\u00f3n que se establezca entre usted y la Compa\u00f1\u00eda, \u00e9sta recolecta, almacena, usa y transfiere Datos Personales, a compa\u00f1\u00edas localizadas dentro y fuera de Colombia. Los Datos Personales son utilizados para:<\/p>\n\n\n\n<ul class=\"wp-block-list\">\n<li>Ejecuci\u00f3n de contratos suscritos con la Compa\u00f1\u00eda.<\/li>\n\n\n\n<li>Pago de obligaciones contractuales.<\/li>\n\n\n\n<li>Env\u00edo de informaci\u00f3n a entidades gubernamentales o judiciales por solicitud expresa de la misma.<\/li>\n\n\n\n<li>Soporte en procesos de auditor\u00eda externa\/interna.<\/li>\n\n\n\n<li>Env\u00edo\/Recepci\u00f3n de mensajes con fines comerciales, publicitarios y\/o de atenci\u00f3n al cliente.<\/li>\n\n\n\n<li>Resoluci\u00f3n de PQR o derechos de petici\u00f3n.<\/li>\n\n\n\n<li>Registro de la informaci\u00f3n de los Clientes en la base de datos de la Compa\u00f1\u00eda.<\/li>\n\n\n\n<li>Registro de la informaci\u00f3n de los empleados en la base de datos de la Compa\u00f1\u00eda.<\/li>\n\n\n\n<li>Registro de la informaci\u00f3n de los Proveedores en la base de datos de la Compa\u00f1\u00eda.<\/li>\n\n\n\n<li>Contacto con Clientes, empleados o Proveedores para el env\u00edo de informaci\u00f3n relacionado con la relaci\u00f3n contractual, comercial y obligacional que tenga lugar.<\/li>\n\n\n\n<li>Recolecci\u00f3n de datos para el cumplimiento de los deberes que como Responsable de la informaci\u00f3n y datos personales, le corresponde a la Compa\u00f1\u00eda.<\/li>\n\n\n\n<li>Con prop\u00f3sitos de seguridad o prevenci\u00f3n de fraude.<\/li>\n\n\n\n<li>Realizar investigaciones, incluidas investigaciones secundarias y de seguimiento; as\u00ed como estudios de mercado o investigaciones comerciales o estad\u00edsticas;<\/li>\n\n\n\n<li>Para realizar invitaciones a eventos acad\u00e9micos y\/o de investigaci\u00f3n organizados y promovidos por\u00a0la Compa\u00f1\u00eda o terceros;<\/li>\n\n\n\n<li>Cualquier otra finalidad que resulte en el desarrollo del contrato o la relaci\u00f3n entre usted y la Compa\u00f1\u00eda.<\/li>\n<\/ul>\n\n\n\n<p>Si usted nos proporciona Datos Personales, \u00e9sta informaci\u00f3n ser\u00e1 utilizada s\u00f3lo para los prop\u00f3sitos aqu\u00ed se\u00f1alados, y no procederemos a vender, licenciar, transmitir o divulgar la misma fuera de la Compa\u00f1\u00eda salvo que (i) usted nos autorice expresamente a hacerlo, (ii) sea necesario para permitir a nuestros contratistas o agentes prestar los servicios que les hemos encomendado, (iii) tenga relaci\u00f3n con una fusi\u00f3n, consolidaci\u00f3n, adquisici\u00f3n, desinversi\u00f3n u otro proceso de restructuraci\u00f3n, o (iv) seg\u00fan sea requerido o permitido por la ley.<\/p>\n\n\n\n<p>A fin de poner en pr\u00e1ctica los prop\u00f3sitos descritos anteriormente, sus Datos Personales podr\u00e1n ser divulgados con los fines dispuestos anteriormente al personal de recursoshumanos, encargados, consultores, asesores y a otras personas y oficinas seg\u00fan corresponda.<\/p>\n\n\n\n<p>La Compa\u00f1\u00eda podr\u00e1 subcontratar a terceros para el procesamiento de determinadas funciones o informaci\u00f3n. Cuando efectivamente subcontratamos con terceros el procesamiento de su informaci\u00f3n personal o proporcionamos su informaci\u00f3n personal a terceros prestadores de servicios, advertimos a dichos terceros sobre la necesidad de proteger dicha informaci\u00f3n personal con medidas de seguridad apropiadas, les prohibimos el uso de su informaci\u00f3n personal para fines propios y les impedimos que divulguen su informaci\u00f3n personal a otros.<\/p>\n\n\n\n<p>Adicionalmente, le informamos que una vez cese la necesidad de tratamiento de sus datos, los mismos podr\u00e1n ser eliminados de las bases de datos de Innmetec o archivados en t\u00e9rminos seguros a efectos de que solamente sean divulgados cuando a ello hubiere lugar de acuerdo con la ley.<\/p>\n\n\n\n<p class=\"has-ast-global-color-2-color has-text-color has-link-color has-medium-font-size wp-elements-e59a684fe7af18de24db791f8eae0999\"><strong>III. Tratamiento de Datos Sensibles<\/strong><\/p>\n\n\n\n<p>En caso de recolecci\u00f3n de informaci\u00f3n sensible o relativa a menores de edad, el Titular tiene derecho a no otorgar la autorizaci\u00f3n, y a contestar o no las preguntas que le formulen y a entregar o no los datos solicitados. Los Datos Sensibles son aquellos que afectan la intimidad del titular o cuyo uso indebido puede generar discriminaci\u00f3n, como lo pueden ser la orientaci\u00f3n pol\u00edtica, filos\u00f3fica, religiosa, sexual, la pertenencia a sindicatos, organizaciones sociales o de derechos humanos, la salud, los datos biom\u00e9tricos y los datos de menores de edad sobre los que el titular ostenta la representaci\u00f3n legal. Ninguna actividad puede condicionarse a la entrega de Datos<br>Sensibles. Los datos de menores de edad solo podr\u00e1n ser entregados por el representante legal del menor bajo el previo ejercicio del menor de su derecho a ser escuchado y, en estos casos, el tratamiento responder\u00e1 y respetar\u00e1 el inter\u00e9s superior de las ni\u00f1as, ni\u00f1os y adolescentes, y se asegurar\u00e1 el respeto de sus derechos fundamentales.<\/p>\n\n\n\n<p>El tratamiento de Datos Sensible se realizar\u00e1 por parte de la Compa\u00f1\u00eda, \u00fanicamente cuando:<\/p>\n\n\n\n<ul class=\"wp-block-list\">\n<li>El Titular haya dado su autorizaci\u00f3n expl\u00edcita a dicho Tratamiento al Responsable del Tratamiento o al Encargado del Tratamiento, salvo en los casos que por ley no sea requerido el otorgamiento de dicha autorizaci\u00f3n;<\/li>\n\n\n\n<li>El Tratamiento sea necesario para salvaguardar el inter\u00e9s vital del Titular y este se encuentre f\u00edsica o jur\u00eddicamente incapacitado. En estos eventos, los representantes legales deber\u00e1n otorgar su autorizaci\u00f3n;<\/li>\n\n\n\n<li>El Tratamiento sea efectuado en el curso de las actividades leg\u00edtimas y con las debidas garant\u00edas por parte de una fundaci\u00f3n, ONG, asociaci\u00f3n o cualquier otro organismo sin \u00e1nimo de lucro, cuya finalidad sea pol\u00edtica, filos\u00f3fica, religiosa o sindical, siempre que se refieran exclusivamente a sus miembros o a las personas que mantengan contactos regulares por raz\u00f3n de su finalidad. En estos eventos, los datos no se podr\u00e1n suministrar a terceros sin la autorizaci\u00f3n del Titular;<\/li>\n\n\n\n<li>El Tratamiento tenga una finalidad hist\u00f3rica, estad\u00edstica o cient\u00edfica. En este evento se adoptar\u00e1n las medidas conducentes a la supresi\u00f3n de identidad de los Titulares.<\/li>\n<\/ul>\n\n\n\n<p class=\"has-ast-global-color-2-color has-text-color has-link-color has-medium-font-size wp-elements-5aa1b45f9b9010c8413297609e60d0d6\"><strong>IV. Derechos del Titular<\/strong><\/p>\n\n\n\n<p>De conformidad con el art\u00edculo 8 de la Ley 1581 de 2012, los derechos que como titular le asisten en relaci\u00f3n con sus datos personales son:<\/p>\n\n\n\n<ul class=\"wp-block-list\">\n<li>Conocer, actualizar y rectificar sus Datos Personales frente a Innmetec como los Responsable del Tratamiento o Encargados del Tratamiento. Este derecho se podr\u00e1 ejercer, entre otros frente a datos parciales, inexactos, incompletos, fraccionados, que induzcan a error, o aquellos cuyo Tratamiento est\u00e9 expresamente prohibido o no haya sido autorizado;<\/li>\n\n\n\n<li>Solicitar prueba de la autorizaci\u00f3n otorgada a la Compa\u00f1\u00eda como Responsable del Tratamiento salvo cuando expresamente se except\u00fae como requisito para el Tratamiento;<\/li>\n\n\n\n<li>Ser informado por la Compa\u00f1\u00eda, como Responsable del Tratamiento o por el Encargado del Tratamiento, previa solicitud, respecto del uso que le ha dado a sus Datos Personales;<\/li>\n\n\n\n<li>Presentar ante la Superintendencia de Industria y Comercio quejas por infracciones a lo dispuesto en la Ley 1581 de 2012 y las dem\u00e1s normas que la modifiquen, adicionen o complementen;<\/li>\n\n\n\n<li>Revocar la autorizaci\u00f3n y\/o solicitar la supresi\u00f3n del dato cuando en el Tratamiento no se respeten los principios, derechos y garant\u00edas constitucionales y legales;<\/li>\n\n\n\n<li>Acceder en forma gratuita a sus Datos Personales que hayan sido objeto de Tratamiento.<\/li>\n\n\n\n<li>Abstenerse de responder las preguntas sobre Datos Sensibles o sobre datos de las ni\u00f1as, ni\u00f1os y adolescentes.<\/li>\n<\/ul>\n\n\n\n<p>La Compa\u00f1\u00eda se reserva el derecho a verificar su identidad con relaci\u00f3n a cualquier solicitud enlazada con informaci\u00f3n personal para garantizar y proporcionar la protecci\u00f3n de la informaci\u00f3n recopilada a las personas a las que pertenece, y permitir que solo esas personas o sus representantes autorizados ejerzan derechos con respecto a ello. Si Usted es un agente autorizado que realiza una solicitud en nombre<br>de un consumidor,\u00a0la Compa\u00f1\u00eda podr\u00e1 solicitar informaci\u00f3n adicional para verificar que est\u00e1 autorizado a realizar dicha solicitud.<\/p>\n\n\n\n<p>La Compa\u00f1\u00eda se reserva el derecho a rechazar su solicitud si no se logra verificar su identidad.\u00a0La Compa\u00f1\u00eda dar\u00e1 su mayor esfuerzo en brindar informaci\u00f3n sobre la denegaci\u00f3n, y ofrecer\u00e1 una explicaci\u00f3n sobre motivos, hechos y razones de la denegaci\u00f3n de su solicitud.<\/p>\n\n\n\n<p class=\"has-ast-global-color-2-color has-text-color has-link-color has-medium-font-size wp-elements-c1beccdc3cbc14dc6b54c74ed2b9e12f\"><strong>V. Administraci\u00f3n de Herramientas Digitales<\/strong><\/p>\n\n\n\n<p>Dependiendo de c\u00f3mo acceda a los servicios en l\u00ednea de la Compa\u00f1\u00eda, podemos usar &#8220;cookies&#8221; o similares tecnolog\u00edas, para registrar datos de registro. La recopilaci\u00f3n de estos datos se realiza de conformidad con los t\u00e9rminos y condiciones contenidos en la \u201cPol\u00edtica de Cookies\u201d disponibles en el siguiente link <a href=\"https:\/\/innmetec.com\/en\/politica-de-cookies-ue\/\">Pol\u00edtica de Cookies<\/a>.<\/p>\n\n\n\n<p class=\"has-ast-global-color-2-color has-text-color has-link-color has-medium-font-size wp-elements-637d8dae738f96cf672994bf57008153\"><strong>VI. Procedimiento para el ejercicio de sus derechos como titular<\/strong><\/p>\n\n\n\n<p>Para la atenci\u00f3n de peticiones, consultas y reclamos en materia de protecci\u00f3n de Datos Personales, los Titulares podr\u00e1n remitir sus peticiones o consultas al siguiente correo electr\u00f3nico: gerenciatecnica@innmetec.com.<\/p>\n\n\n\n<p>Tenga en cuenta que una vez usted ponga en conocimiento al \u00e1rea responsable, su solicitud o petici\u00f3n en relaci\u00f3n con sus Datos  personales ser\u00e1 atendida en un t\u00e9rmino m\u00e1ximo de quince (15) d\u00edas h\u00e1biles desde el recibo de la solicitud o petici\u00f3n. Para la<br>correcta y completa consideraci\u00f3n de su petici\u00f3n, solicitud o reclamo, le solicitamos allegar la identidad del solicitante, su n\u00famero de identificaci\u00f3n, la direcci\u00f3n de notificaciones\/respuestas y los documentos que quiere hacer valer.<\/p>\n\n\n\n<p>Si su solicitud o petici\u00f3n no tiene los datos y hechos suficientes que permiten a Innmetec atenderla de forma correcta y completa, se le requerir\u00e1 dentro de los cinco (5) d\u00edas siguientes a la recepci\u00f3n de la solicitud, petici\u00f3n o reclamo para que subsane sus fallas. Despu\u00e9s de transcurridos quince (15) d\u00edas desde la fecha del requerimiento, si usted como solicitante no ha subsanado seg\u00fan lo requerido, la Compa\u00f1\u00eda entiende que ha desistido de su solicitud.<\/p>\n\n\n\n<p class=\"has-ast-global-color-2-color has-text-color has-link-color has-medium-font-size wp-elements-2e881f86298486703513fee112a6bc63\"><strong>VII. Ajustes a la Pol\u00edtica<\/strong><\/p>\n\n\n\n<p>Con miras a mantener la vigencia de la presente Pol\u00edtica, la Compa\u00f1\u00eda puede ajustarla y modificarla, indicando la fecha de la actualizaci\u00f3n en la p\u00e1gina web. No obstante, cualquier cambio sustancial en su contenido, en particular aquellos referidos a la identificaci\u00f3n del Responsable y a la finalidad del tratamiento de los datos personales, que puedan afectar el contenido de la autorizaci\u00f3n, se comunicar\u00e1 oportunamente a los titulares de los datos personales de manera eficiente, antes de implementar las nuevas pol\u00edticas, mediante la p\u00e1gina web o el empleo de otros medios. Fecha de entrada en vigencia: mayo de 2024.<\/p>\n\n\n\n<p><\/p>","protected":false},"excerpt":{"rendered":"<p>Con el objetivo de dar cumplimiento a la legislaci\u00f3n vigente en materia de protecci\u00f3n de datos personales, en especial la Ley 1581 de 2012 (y dem\u00e1s normas que la modifiquen, adicionen, complementen o desarrollen) y el Decreto 1377 de 2013, a continuaci\u00f3n le informamos los aspectos relevantes en relaci\u00f3n con la recolecci\u00f3n, uso y transmisi\u00f3n [&hellip;]<\/p>\n","protected":false},"author":5,"featured_media":0,"parent":0,"menu_order":0,"comment_status":"closed","ping_status":"closed","template":"","meta":{"_monsterinsights_skip_tracking":false,"_monsterinsights_sitenote_active":false,"_monsterinsights_sitenote_note":"","_monsterinsights_sitenote_category":0,"site-sidebar-layout":"default","site-content-layout":"","ast-site-content-layout":"default","site-content-style":"default","site-sidebar-style":"default","ast-global-header-display":"","ast-banner-title-visibility":"","ast-main-header-display":"","ast-hfb-above-header-display":"","ast-hfb-below-header-display":"","ast-hfb-mobile-header-display":"","site-post-title":"","ast-breadcrumbs-content":"","ast-featured-img":"","footer-sml-layout":"","ast-disable-related-posts":"","theme-transparent-header-meta":"","adv-header-id-meta":"","stick-header-meta":"","header-above-stick-meta":"","header-main-stick-meta":"","header-below-stick-meta":"","astra-migrate-meta-layouts":"set","ast-page-background-enabled":"default","ast-page-background-meta":{"desktop":{"background-color":"","background-image":"","background-repeat":"repeat","background-position":"center center","background-size":"auto","background-attachment":"scroll","background-type":"","background-media":"","overlay-type":"","overlay-color":"","overlay-opacity":"","overlay-gradient":""},"tablet":{"background-color":"","background-image":"","background-repeat":"repeat","background-position":"center center","background-size":"auto","background-attachment":"scroll","background-type":"","background-media":"","overlay-type":"","overlay-color":"","overlay-opacity":"","overlay-gradient":""},"mobile":{"background-color":"","background-image":"","background-repeat":"repeat","background-position":"center center","background-size":"auto","background-attachment":"scroll","background-type":"","background-media":"","overlay-type":"","overlay-color":"","overlay-opacity":"","overlay-gradient":""}},"ast-content-background-meta":{"desktop":{"background-color":"var(--ast-global-color-5)","background-image":"","background-repeat":"repeat","background-position":"center center","background-size":"auto","background-attachment":"scroll","background-type":"","background-media":"","overlay-type":"","overlay-color":"","overlay-opacity":"","overlay-gradient":""},"tablet":{"background-color":"var(--ast-global-color-5)","background-image":"","background-repeat":"repeat","background-position":"center center","background-size":"auto","background-attachment":"scroll","background-type":"","background-media":"","overlay-type":"","overlay-color":"","overlay-opacity":"","overlay-gradient":""},"mobile":{"background-color":"var(--ast-global-color-5)","background-image":"","background-repeat":"repeat","background-position":"center center","background-size":"auto","background-attachment":"scroll","background-type":"","background-media":"","overlay-type":"","overlay-color":"","overlay-opacity":"","overlay-gradient":""}},"footnotes":""},"class_list":["post-3865","page","type-page","status-publish","hentry"],"aioseo_notices":[],"_links":{"self":[{"href":"https:\/\/innmetec.com\/en\/wp-json\/wp\/v2\/pages\/3865","targetHints":{"allow":["GET"]}}],"collection":[{"href":"https:\/\/innmetec.com\/en\/wp-json\/wp\/v2\/pages"}],"about":[{"href":"https:\/\/innmetec.com\/en\/wp-json\/wp\/v2\/types\/page"}],"author":[{"embeddable":true,"href":"https:\/\/innmetec.com\/en\/wp-json\/wp\/v2\/users\/5"}],"replies":[{"embeddable":true,"href":"https:\/\/innmetec.com\/en\/wp-json\/wp\/v2\/comments?post=3865"}],"version-history":[{"count":1,"href":"https:\/\/innmetec.com\/en\/wp-json\/wp\/v2\/pages\/3865\/revisions"}],"predecessor-version":[{"id":3868,"href":"https:\/\/innmetec.com\/en\/wp-json\/wp\/v2\/pages\/3865\/revisions\/3868"}],"wp:attachment":[{"href":"https:\/\/innmetec.com\/en\/wp-json\/wp\/v2\/media?parent=3865"}],"curies":[{"name":"wp","href":"https:\/\/api.w.org\/{rel}","templated":true}]}}