{"id":3876,"date":"2024-05-24T21:05:01","date_gmt":"2024-05-24T21:05:01","guid":{"rendered":"https:\/\/innmetec.com\/?page_id=3876"},"modified":"2024-05-24T22:36:15","modified_gmt":"2024-05-24T22:36:15","slug":"politica-de-cookies","status":"publish","type":"page","link":"https:\/\/innmetec.com\/en\/politica-de-cookies\/","title":{"rendered":"Pol\u00edtica de cookies"},"content":{"rendered":"<p>La p\u00e1gina web de Innmetec S.A.S. utiliza distintos tipos de cookies para mejorar su experiencia con nuestro contenido y servicios digitales. Estas cookies se dividen en cuatro categor\u00edas fundamentales: las esenciales, que son imprescindibles para el funcionamiento adecuado del sitio; las funcionales, que simplifican la navegaci\u00f3n; las de marketing, que personalizan los contenidos; y las de rendimiento, que nos ayudan a comprender c\u00f3mo se utiliza el sitio para mejorarlo continuamente. Si deseas obtener detalles espec\u00edficos sobre c\u00f3mo empleamos estas cookies, te invitamos a consultar nuestro \u201cPol\u00edtica de Cookies\u201d y nuestra \u201cPol\u00edtica de Datos Personales\u201d. El ingreso a este sitio web indica que usted se ha comprometido a aceptar y cumplir con estos t\u00e9rminos. Si usted no est\u00e1 de acuerdo con estos t\u00e9rminos, no ingrese a este sitio web, abst\u00e9ngase de hacer uso del mismo y sus contenidos, y aband\u00f3nelo inmediatamente. As\u00ed mismo, no consentir o retirar el consentimiento sobre las cookies empleadas en este sitio web, puede afectar negativamente ciertas caracter\u00edsticas y funciones del mismo.<\/p>\n\n\n\n<p class=\"has-ast-global-color-2-color has-text-color has-link-color has-medium-font-size wp-elements-e896763d61d8dcaebb175ccbe7cf80a8\"><strong>Pol\u00edtica de Cookies<\/strong><\/p>\n\n\n\n<p>Nuestra web, https:\/\/innmetec.com (en adelante, la \u201cWeb&#8221;) usa cookies y otras tecnolog\u00edas relacionadas (todas las tecnolog\u00edas se denominar\u00e1n como &#8220;cookies&#8221;). En este documento le informamos sobre el uso de cookies en nuestra Web.<\/p>\n\n\n\n<p>Las cookies son archivos que las p\u00e1ginas web almacenan en el navegador del usuario que las visita, y necesarias para aportar a la navegaci\u00f3n web ventajas en la prestaci\u00f3n de servicios interactivos. Las cookies pueden ser: (i) Propias: son cookies generadas por la propia p\u00e1gina web que se est\u00e1 visitando; o (ii) De terceros: son cookies que se reciben al navegar por esa p\u00e1gina web, pero que han sido generadas por un tercer servicio que se encuentra hospedado en ella.<\/p>\n\n\n\n<p><strong>I.    Tipos de cookies y sus finalidades: Las cookies se dividen en las siguientes categor\u00edas:<\/strong><\/p>\n\n\n\n<ol class=\"wp-block-list\">\n<li>Cookies Esenciales: Estas son necesarias para el funcionamiento b\u00e1sico del sitio Web y nuestras aplicaciones. No pueden ser desactivadas, ya que garantizan que el sitio Web y las aplicaciones sean seguros y funcionen correctamente. Estas cookies no recogen ninguna Informaci\u00f3n sobre su navegaci\u00f3n que pueda ser utilizada por acciones de marketing o para recordar por qu\u00e9 p\u00e1ginas ha navegado.<br><\/li>\n\n\n\n<li>Cookies Funcionales: Estas cookies hacen que su interacci\u00f3n con nuestra Web sea m\u00e1s f\u00e1cil, eficiente y personalizada. Por ejemplo, al recordar sus preferencias de idioma o la regi\u00f3n en la que se encuentra. De esta manera, usted no necesita introducir repetidamente la misma informaci\u00f3n cuando visita nuestra web.<\/li>\n\n\n\n<li>Cookies de estad\u00edsticas o rendimiento: estas cookies recopilan datos agregados sobre el uso de nuestro sitio Web y aplicaciones. Permiten medir el n\u00famero de visitas y criterios de navegaci\u00f3n de diferentes \u00e1reas de la Web de forma an\u00f3nima. Esto nos ayuda a mejorar continuamente nuestros servicios y a comprender mejor c\u00f3mo nuestros usuarios interact\u00faan con nuestro contenido.<\/li>\n\n\n\n<li>Cookies de Marketing: Estas cookies se utilizan para mostrar contenido relevante para usted, basado en sus intereses y comportamiento de navegaci\u00f3n.<\/li>\n\n\n\n<li>Cookies de Redes sociales: En nuestra web, hemos incluido links a Instagram y WhatsApp. Este contenido est\u00e1 incrustado con c\u00f3digo derivado de Instagram y WhatsApp y coloca cookies. Por favor, lea la pol\u00edtica de privacidad de estas aplicaciones (que puede cambiar frecuentemente) para saber que hacen con sus datos que procesan usando estas cookies. Instagram y WhatsApp est\u00e1n ubicados en los Estados Unidos.<br><\/li>\n<\/ol>\n\n\n\n<p><strong>II. En esta p\u00e1gina Web se utilizan las siguientes cookies:<\/strong><\/p>\n\n\n\n<ol class=\"wp-block-list\">\n<li>Cookies propias estrictamente necesarias con fines t\u00e9cnicos, personalizaci\u00f3n y an\u00e1lisis o rendimiento.<\/li>\n\n\n\n<li>Cookies de terceros, y en concreto de la Plataforma YouTube, que permite acceder a videos de Innmetec alojados en dicha plataforma, as\u00ed como cookies de Instagram y WhatsApp, que permiten al usuario contactarnos a trav\u00e9s de dichas aplicaciones, si el usuario as\u00ed lo desea.<\/li>\n<\/ol>\n\n\n\n<p>A continuaci\u00f3n, se describe el detalle de cada cookie, su funci\u00f3n y su tiempo de duraci\u00f3n.<\/p>\n\n\n\n<figure class=\"wp-block-table\"><table><tbody><tr><td>Name<\/td><td>Tipo<\/td><td>Caducidad<\/td><td>Funci\u00f3n<\/td><\/tr><tr><td><a href=\"https:\/\/cookiedatabase.org\/cookie\/elementor\/elementor\/\">elementor<\/a><\/td><td>Estad\u00edsticas<\/td><td>persistente<\/td><td>Guardar acciones hechas por usuarios en el sitio web<\/td><\/tr><tr><td><a href=\"https:\/\/cookiedatabase.org\/cookie\/wordpress\/wordpress_test_cookie\/\">wordpress_test_cookie<\/a><\/td><td>Funcional<\/td><td>sesi\u00f3n<\/td><td>Chequear si se pueden instalar cookies<\/td><\/tr><tr><td><a href=\"https:\/\/cookiedatabase.org\/cookie\/wordpress\/wp_lang\/\">wp_lang<\/a><\/td><td>Funcional<\/td><td>sesi\u00f3n<\/td><td><br>Guardar configuraciones de lenguaje<\/td><\/tr><tr><td><a href=\"https:\/\/cookiedatabase.org\/cookie\/wordpress\/wp-settings\/\">wp-settings-*<\/a><\/td><td>Funcional<\/td><td>persistente<\/td><td><br>Guardar las preferencias de los usuarios<\/td><\/tr><tr><td><a href=\"https:\/\/cookiedatabase.org\/cookie\/wordpress\/wp-settings-time\/\">wp-settings-time-*<\/a><\/td><td>Funcional<\/td><td>1 a\u00f1o<\/td><td>Guardar las preferencias de los usuarios<\/td><\/tr><tr><td><a href=\"https:\/\/cookiedatabase.org\/cookie\/wordpress\/wordpress_logged_in_\/\">wordpress_logged_in_*<\/a><\/td><td>Funcional<\/td><td>persistente<\/td><td>Mantener los usuarios logeados<\/td><\/tr><tr><td><a href=\"https:\/\/cookiedatabase.org\/cookie\/youtube\/gps\/\">GPS<\/a><\/td><td>Marketing<\/td><td>sesi\u00f3n<\/td><td>Guardar datos de ubicaci\u00f3n<\/td><\/tr><tr><td><a href=\"https:\/\/cookiedatabase.org\/cookie\/youtube\/visitor_info1_live\/\">VISITOR_INFO1_LIVE<\/a><\/td><td>Marketing<\/td><td>6 meses<\/td><td>Habilitar la publicaci\u00f3n de anuncios o retargeting<\/td><\/tr><tr><td><a href=\"https:\/\/cookiedatabase.org\/cookie\/youtube\/ysc\/\">YSC<\/a><\/td><td>Marketing<\/td><td>sesi\u00f3n<\/td><td>Store and track interaction<\/td><\/tr><tr><td><a href=\"https:\/\/cookiedatabase.org\/cookie\/youtube\/pref\/\">PREF<\/a><\/td><td>Marketing<\/td><td>8 meses<\/td><td>Guardar las preferencias de los usuarios<\/td><\/tr><tr><td><a href=\"https:\/\/cookiedatabase.org\/cookie\/whatsapp\/wa_lang_pref\/\">wa_lang_pref<\/a><\/td><td>Funcional<\/td><td>6 d\u00edas<\/td><td>Guardar configuraciones de lenguaje<\/td><\/tr><tr><td><a href=\"https:\/\/cookiedatabase.org\/cookie\/whatsapp\/wa_ul\/\">wa_ul<\/a><\/td><td>Funcional<\/td><td>sesi\u00f3n<\/td><td>Provide access<\/td><\/tr><tr><td><a href=\"https:\/\/cookiedatabase.org\/cookie\/complianz\/cmplz_functional\/\">cmplz_functional<\/a><\/td><td>Funcional<\/td><td>365 d\u00edas<\/td><td><br>Guardar preferencias de consentimiento de cookies<\/td><\/tr><tr><td><a href=\"https:\/\/cookiedatabase.org\/cookie\/complianz\/cmplz_preferences\/\">cmplz_preferences<\/a><\/td><td>Funcional<\/td><td>365 d\u00edas<\/td><td>Guardar preferencias de consentimiento de cookies<\/td><\/tr><tr><td><a href=\"https:\/\/cookiedatabase.org\/cookie\/complianz\/cmplz_marketing\/\">cmplz_marketing<\/a><\/td><td>Marketing<\/td><td>365 d\u00edas<\/td><td>Guardar preferencias de consentimiento de cookies<\/td><\/tr><tr><td><a href=\"https:\/\/cookiedatabase.org\/cookie\/complianz\/cmplz_consented_services\/\">cmplz_consented_services<\/a><\/td><td>Funcional<\/td><td>365 d\u00edas<\/td><td>Guardar preferencias de consentimiento de cookies<\/td><\/tr><tr><td><a href=\"https:\/\/cookiedatabase.org\/cookie\/complianz\/cmplz_statistics\/\">cmplz_statistics<\/a><\/td><td>Estad\u00edsticas<\/td><td>365 d\u00edas<\/td><td>Guardar preferencias de consentimiento de cookies<\/td><\/tr><tr><td><a href=\"https:\/\/cookiedatabase.org\/cookie\/complianz\/cmplz_policy_id\/\">cmplz_policy_id<\/a><\/td><td>Funcional<\/td><td>365 d\u00edas<\/td><td>Almacenar la ID de la pol\u00edtica de cookies aceptada<\/td><\/tr><tr><td><a href=\"https:\/\/cookiedatabase.org\/cookie\/complianz\/cmplz_banner-status\/\">cmplz_banner-status<\/a><\/td><td>Funcional<\/td><td>365 d\u00edas<\/td><td>Store if the cookie banner has been dismissed<\/td><\/tr><\/tbody><\/table><\/figure>\n\n\n\n<p><strong>III. Aceptaci\u00f3n de la Pol\u00edtica de cookies y Consentimiento.<\/strong><\/p>\n\n\n\n<p>Cuando visite nuestra Web por primera vez, le mostraremos una ventana emergente con una explicaci\u00f3n sobre las cookies. En cuanto haga clic en \u201cAceptar\u201d o &#8220;Guardar preferencias&#8221;, estar\u00e1 dando su consentimiento para que utilicemos las categor\u00edas de cookies y plugins que haya seleccionado en la ventana emergente, tal y como se describe en esta Pol\u00edtica de Cookies. Puede desactivar, restringir, bloquear o borrar el uso de cookies a trav\u00e9s de su navegador, pero tenga en cuenta que nuestra web podr\u00eda dejar de funcionar correctamente.<\/p>\n\n\n\n<p><strong>IV. Activaci\u00f3n\/desactivaci\u00f3n y eliminaci\u00f3n de cookies<\/strong><\/p>\n\n\n\n<p class=\"has-text-align-center\"><\/p>\n\n\n\n<p>Puede utilizar su navegador de internet para eliminar las cookies autom\u00e1tica o manualmente. Tambi\u00e9n puede especificar que no se coloquen determinadas cookies. Otra opci\u00f3n es cambiar los ajustes de su navegador de internet para que reciba un mensaje cada vez que se coloque una cookie. Para m\u00e1s informaci\u00f3n sobre estas opciones, consulte las instrucciones de la secci\u00f3n de ayuda de su navegador.<br><\/p>\n\n\n\n<p>Tenga en cuenta que nuestro sitio web puede no funcionar correctamente si se deshabilitan todas las cookies. Si decide eliminar las cookies de su navegador, se volver\u00e1n a colocar despu\u00e9s de que de su consentimiento la pr\u00f3xima vez que visites nuestro sitio web.<br><\/p>\n\n\n\n<p><strong>V. Datos de contacto<\/strong><\/p>\n\n\n\n<p>Para preguntas y\/o comentarios sobre nuestra Pol\u00edtica de cookies y esta declaraci\u00f3n, p\u00f3ngase en contacto con nosotros utilizando los siguientes datos de contacto:<\/p>\n\n\n\n<p>    Innmetec S.A.S.<br>    Carrera 48A #10, El Poblado, Medell\u00edn, Antioquia<br>    Colombia<br>    Web: https:\/\/innmetec.com<br>    Correo electr\u00f3nico: gerenciatecnica@innmetec.com<br>    N\u00famero de tel\u00e9fono: 3182656050<\/p>","protected":false},"excerpt":{"rendered":"<p>La p\u00e1gina web de Innmetec S.A.S. utiliza distintos tipos de cookies para mejorar su experiencia con nuestro contenido y servicios digitales. Estas cookies se dividen en cuatro categor\u00edas fundamentales: las esenciales, que son imprescindibles para el funcionamiento adecuado del sitio; las funcionales, que simplifican la navegaci\u00f3n; las de marketing, que personalizan los contenidos; y las [&hellip;]<\/p>\n","protected":false},"author":5,"featured_media":0,"parent":0,"menu_order":0,"comment_status":"closed","ping_status":"closed","template":"","meta":{"_monsterinsights_skip_tracking":false,"_monsterinsights_sitenote_active":false,"_monsterinsights_sitenote_note":"","_monsterinsights_sitenote_category":0,"site-sidebar-layout":"default","site-content-layout":"","ast-site-content-layout":"default","site-content-style":"default","site-sidebar-style":"default","ast-global-header-display":"","ast-banner-title-visibility":"","ast-main-header-display":"","ast-hfb-above-header-display":"","ast-hfb-below-header-display":"","ast-hfb-mobile-header-display":"","site-post-title":"","ast-breadcrumbs-content":"","ast-featured-img":"","footer-sml-layout":"","ast-disable-related-posts":"","theme-transparent-header-meta":"","adv-header-id-meta":"","stick-header-meta":"","header-above-stick-meta":"","header-main-stick-meta":"","header-below-stick-meta":"","astra-migrate-meta-layouts":"set","ast-page-background-enabled":"default","ast-page-background-meta":{"desktop":{"background-color":"","background-image":"","background-repeat":"repeat","background-position":"center center","background-size":"auto","background-attachment":"scroll","background-type":"","background-media":"","overlay-type":"","overlay-color":"","overlay-opacity":"","overlay-gradient":""},"tablet":{"background-color":"","background-image":"","background-repeat":"repeat","background-position":"center center","background-size":"auto","background-attachment":"scroll","background-type":"","background-media":"","overlay-type":"","overlay-color":"","overlay-opacity":"","overlay-gradient":""},"mobile":{"background-color":"","background-image":"","background-repeat":"repeat","background-position":"center center","background-size":"auto","background-attachment":"scroll","background-type":"","background-media":"","overlay-type":"","overlay-color":"","overlay-opacity":"","overlay-gradient":""}},"ast-content-background-meta":{"desktop":{"background-color":"var(--ast-global-color-5)","background-image":"","background-repeat":"repeat","background-position":"center center","background-size":"auto","background-attachment":"scroll","background-type":"","background-media":"","overlay-type":"","overlay-color":"","overlay-opacity":"","overlay-gradient":""},"tablet":{"background-color":"var(--ast-global-color-5)","background-image":"","background-repeat":"repeat","background-position":"center center","background-size":"auto","background-attachment":"scroll","background-type":"","background-media":"","overlay-type":"","overlay-color":"","overlay-opacity":"","overlay-gradient":""},"mobile":{"background-color":"var(--ast-global-color-5)","background-image":"","background-repeat":"repeat","background-position":"center center","background-size":"auto","background-attachment":"scroll","background-type":"","background-media":"","overlay-type":"","overlay-color":"","overlay-opacity":"","overlay-gradient":""}},"footnotes":""},"class_list":["post-3876","page","type-page","status-publish","hentry"],"aioseo_notices":[],"_links":{"self":[{"href":"https:\/\/innmetec.com\/en\/wp-json\/wp\/v2\/pages\/3876","targetHints":{"allow":["GET"]}}],"collection":[{"href":"https:\/\/innmetec.com\/en\/wp-json\/wp\/v2\/pages"}],"about":[{"href":"https:\/\/innmetec.com\/en\/wp-json\/wp\/v2\/types\/page"}],"author":[{"embeddable":true,"href":"https:\/\/innmetec.com\/en\/wp-json\/wp\/v2\/users\/5"}],"replies":[{"embeddable":true,"href":"https:\/\/innmetec.com\/en\/wp-json\/wp\/v2\/comments?post=3876"}],"version-history":[{"count":4,"href":"https:\/\/innmetec.com\/en\/wp-json\/wp\/v2\/pages\/3876\/revisions"}],"predecessor-version":[{"id":3890,"href":"https:\/\/innmetec.com\/en\/wp-json\/wp\/v2\/pages\/3876\/revisions\/3890"}],"wp:attachment":[{"href":"https:\/\/innmetec.com\/en\/wp-json\/wp\/v2\/media?parent=3876"}],"curies":[{"name":"wp","href":"https:\/\/api.w.org\/{rel}","templated":true}]}}